{"id":2078,"date":"2018-08-30T11:19:17","date_gmt":"2018-08-30T09:19:17","guid":{"rendered":"https:\/\/www.lebefane.it\/shop\/map180\/"},"modified":"2019-06-24T19:07:56","modified_gmt":"2019-06-24T17:07:56","slug":"map180","status":"publish","type":"product","link":"https:\/\/www.lebefane.it\/en\/shop\/map180\/","title":{"rendered":"Harmont &#038; Blaine"},"content":{"rendered":"<p>Contraddistinto dal noto marchio del Bassotto, Harmont &amp; Blaine \u00e8 l\u2019abbigliamento upper-casual di classe riconosciuto in Italia e nel mondo per l\u2019elevata qualit\u00e0 e la costante ricerca di colori e materiali sempre nuovi. Protagonista delle collezioni \u00e8 il Mediterranean Lifestyle: dall\u2019anima del territorio e dai suoi valori trae ispirazione uno stile dinamico e solare. Le collezioni uomo, donna e bambino sono ispirate all\u2019 ottimismo e alla libert\u00e0. Vieni a scoprire le boutique Harmont &amp; Blaine nelle citt\u00e0 e nelle localit\u00e0 turistiche pi\u00f9 esclusive di tutto il mondo.<\/p>\n","protected":false},"excerpt":{"rendered":"<p><span class=\"excerpt-hellip\"> [\u2026]<\/span><\/p>\n","protected":false},"featured_media":2079,"template":"","meta":{"_acf_changed":false},"product_brand":[],"product_cat":[50],"product_tag":[],"class_list":{"0":"post-2078","1":"product","2":"type-product","3":"status-publish","4":"has-post-thumbnail","6":"product_cat-fashionwear","8":"first","9":"instock","10":"taxable","11":"shipping-taxable","12":"product-type-simple"},"acf":[],"yoast_head":"<!-- This site is optimized with the Yoast SEO plugin v27.5 - https:\/\/yoast.com\/product\/yoast-seo-wordpress\/ -->\n<title>Harmont &amp; Blaine - Le Befane Shopping Centre | Rimini<\/title>\n<meta name=\"robots\" content=\"index, follow, max-snippet:-1, max-image-preview:large, max-video-preview:-1\" \/>\n<link rel=\"canonical\" href=\"https:\/\/www.lebefane.it\/en\/shop\/map180\/\" \/>\n<meta property=\"og:locale\" content=\"en_US\" \/>\n<meta property=\"og:type\" content=\"article\" \/>\n<meta property=\"og:title\" content=\"Harmont &amp; Blaine - Le Befane Shopping Centre | Rimini\" \/>\n<meta property=\"og:description\" content=\"[\u2026]\" \/>\n<meta property=\"og:url\" content=\"https:\/\/www.lebefane.it\/en\/shop\/map180\/\" \/>\n<meta property=\"og:site_name\" content=\"Le Befane Shopping Centre | Rimini\" \/>\n<meta property=\"article:modified_time\" content=\"2019-06-24T17:07:56+00:00\" \/>\n<meta property=\"og:image\" content=\"https:\/\/www.lebefane.it\/wp-content\/uploads\/2018\/08\/RIMINI.jpg\" \/>\n\t<meta property=\"og:image:width\" content=\"800\" \/>\n\t<meta property=\"og:image:height\" content=\"600\" \/>\n\t<meta property=\"og:image:type\" content=\"image\/jpeg\" \/>\n<meta name=\"twitter:card\" content=\"summary_large_image\" \/>\n<script type=\"application\/ld+json\" class=\"yoast-schema-graph\">{\"@context\":\"https:\\\/\\\/schema.org\",\"@graph\":[{\"@type\":\"WebPage\",\"@id\":\"https:\\\/\\\/www.lebefane.it\\\/en\\\/shop\\\/map180\\\/\",\"url\":\"https:\\\/\\\/www.lebefane.it\\\/en\\\/shop\\\/map180\\\/\",\"name\":\"Harmont & Blaine - Le Befane Shopping Centre | Rimini\",\"isPartOf\":{\"@id\":\"https:\\\/\\\/www.lebefane.it\\\/#website\"},\"primaryImageOfPage\":{\"@id\":\"https:\\\/\\\/www.lebefane.it\\\/en\\\/shop\\\/map180\\\/#primaryimage\"},\"image\":{\"@id\":\"https:\\\/\\\/www.lebefane.it\\\/en\\\/shop\\\/map180\\\/#primaryimage\"},\"thumbnailUrl\":\"https:\\\/\\\/www.lebefane.it\\\/wp-content\\\/uploads\\\/2018\\\/08\\\/RIMINI.jpg\",\"datePublished\":\"2018-08-30T09:19:17+00:00\",\"dateModified\":\"2019-06-24T17:07:56+00:00\",\"breadcrumb\":{\"@id\":\"https:\\\/\\\/www.lebefane.it\\\/en\\\/shop\\\/map180\\\/#breadcrumb\"},\"inLanguage\":\"en-US\",\"potentialAction\":[{\"@type\":\"ReadAction\",\"target\":[\"https:\\\/\\\/www.lebefane.it\\\/en\\\/shop\\\/map180\\\/\"]}]},{\"@type\":\"ImageObject\",\"inLanguage\":\"en-US\",\"@id\":\"https:\\\/\\\/www.lebefane.it\\\/en\\\/shop\\\/map180\\\/#primaryimage\",\"url\":\"https:\\\/\\\/www.lebefane.it\\\/wp-content\\\/uploads\\\/2018\\\/08\\\/RIMINI.jpg\",\"contentUrl\":\"https:\\\/\\\/www.lebefane.it\\\/wp-content\\\/uploads\\\/2018\\\/08\\\/RIMINI.jpg\",\"width\":800,\"height\":600},{\"@type\":\"BreadcrumbList\",\"@id\":\"https:\\\/\\\/www.lebefane.it\\\/en\\\/shop\\\/map180\\\/#breadcrumb\",\"itemListElement\":[{\"@type\":\"ListItem\",\"position\":1,\"name\":\"Home\",\"item\":\"https:\\\/\\\/www.lebefane.it\\\/en\\\/\"},{\"@type\":\"ListItem\",\"position\":2,\"name\":\"Store\",\"item\":\"https:\\\/\\\/www.lebefane.it\\\/en\\\/store\\\/\"},{\"@type\":\"ListItem\",\"position\":3,\"name\":\"Harmont &#038; Blaine\"}]},{\"@type\":\"WebSite\",\"@id\":\"https:\\\/\\\/www.lebefane.it\\\/#website\",\"url\":\"https:\\\/\\\/www.lebefane.it\\\/\",\"name\":\"Le Befane Shopping Centre | Rimini\",\"description\":\"Oltre 130 negozi, bar e ristoranti, Ipermercato Conad, Cinema Multisala\",\"potentialAction\":[{\"@type\":\"SearchAction\",\"target\":{\"@type\":\"EntryPoint\",\"urlTemplate\":\"https:\\\/\\\/www.lebefane.it\\\/?s={search_term_string}\"},\"query-input\":{\"@type\":\"PropertyValueSpecification\",\"valueRequired\":true,\"valueName\":\"search_term_string\"}}],\"inLanguage\":\"en-US\"}]}<\/script>\n<!-- \/ Yoast SEO plugin. -->","yoast_head_json":{"title":"Harmont & Blaine - Le Befane Shopping Centre | Rimini","robots":{"index":"index","follow":"follow","max-snippet":"max-snippet:-1","max-image-preview":"max-image-preview:large","max-video-preview":"max-video-preview:-1"},"canonical":"https:\/\/www.lebefane.it\/en\/shop\/map180\/","og_locale":"en_US","og_type":"article","og_title":"Harmont & Blaine - Le Befane Shopping Centre | Rimini","og_description":"[\u2026]","og_url":"https:\/\/www.lebefane.it\/en\/shop\/map180\/","og_site_name":"Le Befane Shopping Centre | Rimini","article_modified_time":"2019-06-24T17:07:56+00:00","og_image":[{"width":800,"height":600,"url":"https:\/\/www.lebefane.it\/wp-content\/uploads\/2018\/08\/RIMINI.jpg","type":"image\/jpeg"}],"twitter_card":"summary_large_image","schema":{"@context":"https:\/\/schema.org","@graph":[{"@type":"WebPage","@id":"https:\/\/www.lebefane.it\/en\/shop\/map180\/","url":"https:\/\/www.lebefane.it\/en\/shop\/map180\/","name":"Harmont & Blaine - Le Befane Shopping Centre | Rimini","isPartOf":{"@id":"https:\/\/www.lebefane.it\/#website"},"primaryImageOfPage":{"@id":"https:\/\/www.lebefane.it\/en\/shop\/map180\/#primaryimage"},"image":{"@id":"https:\/\/www.lebefane.it\/en\/shop\/map180\/#primaryimage"},"thumbnailUrl":"https:\/\/www.lebefane.it\/wp-content\/uploads\/2018\/08\/RIMINI.jpg","datePublished":"2018-08-30T09:19:17+00:00","dateModified":"2019-06-24T17:07:56+00:00","breadcrumb":{"@id":"https:\/\/www.lebefane.it\/en\/shop\/map180\/#breadcrumb"},"inLanguage":"en-US","potentialAction":[{"@type":"ReadAction","target":["https:\/\/www.lebefane.it\/en\/shop\/map180\/"]}]},{"@type":"ImageObject","inLanguage":"en-US","@id":"https:\/\/www.lebefane.it\/en\/shop\/map180\/#primaryimage","url":"https:\/\/www.lebefane.it\/wp-content\/uploads\/2018\/08\/RIMINI.jpg","contentUrl":"https:\/\/www.lebefane.it\/wp-content\/uploads\/2018\/08\/RIMINI.jpg","width":800,"height":600},{"@type":"BreadcrumbList","@id":"https:\/\/www.lebefane.it\/en\/shop\/map180\/#breadcrumb","itemListElement":[{"@type":"ListItem","position":1,"name":"Home","item":"https:\/\/www.lebefane.it\/en\/"},{"@type":"ListItem","position":2,"name":"Store","item":"https:\/\/www.lebefane.it\/en\/store\/"},{"@type":"ListItem","position":3,"name":"Harmont &#038; Blaine"}]},{"@type":"WebSite","@id":"https:\/\/www.lebefane.it\/#website","url":"https:\/\/www.lebefane.it\/","name":"Le Befane Shopping Centre | Rimini","description":"Oltre 130 negozi, bar e ristoranti, Ipermercato Conad, Cinema Multisala","potentialAction":[{"@type":"SearchAction","target":{"@type":"EntryPoint","urlTemplate":"https:\/\/www.lebefane.it\/?s={search_term_string}"},"query-input":{"@type":"PropertyValueSpecification","valueRequired":true,"valueName":"search_term_string"}}],"inLanguage":"en-US"}]}},"publishpress_future_workflow_manual_trigger":{"enabledWorkflows":[]},"_links":{"self":[{"href":"https:\/\/www.lebefane.it\/en\/wp-json\/wp\/v2\/product\/2078","targetHints":{"allow":["GET"]}}],"collection":[{"href":"https:\/\/www.lebefane.it\/en\/wp-json\/wp\/v2\/product"}],"about":[{"href":"https:\/\/www.lebefane.it\/en\/wp-json\/wp\/v2\/types\/product"}],"wp:featuredmedia":[{"embeddable":true,"href":"https:\/\/www.lebefane.it\/en\/wp-json\/wp\/v2\/media\/2079"}],"wp:attachment":[{"href":"https:\/\/www.lebefane.it\/en\/wp-json\/wp\/v2\/media?parent=2078"}],"wp:term":[{"taxonomy":"product_brand","embeddable":true,"href":"https:\/\/www.lebefane.it\/en\/wp-json\/wp\/v2\/product_brand?post=2078"},{"taxonomy":"product_cat","embeddable":true,"href":"https:\/\/www.lebefane.it\/en\/wp-json\/wp\/v2\/product_cat?post=2078"},{"taxonomy":"product_tag","embeddable":true,"href":"https:\/\/www.lebefane.it\/en\/wp-json\/wp\/v2\/product_tag?post=2078"}],"curies":[{"name":"wp","href":"https:\/\/api.w.org\/{rel}","templated":true}]}}