{"id":1953,"date":"2018-08-30T16:21:46","date_gmt":"2018-08-30T14:21:46","guid":{"rendered":"https:\/\/www.lebefane.it\/shop\/map162\/"},"modified":"2025-11-02T23:02:10","modified_gmt":"2025-11-02T22:02:10","slug":"map162","status":"publish","type":"product","link":"https:\/\/www.lebefane.it\/en\/shop\/map162\/","title":{"rendered":"Bottega Verde"},"content":{"rendered":"<p>BOTTEGA VERDE, DOVE LA NATURA DIVENTA BELLEZZA.<br \/>\nBottega Verde \u00e8 una grande azienda italiana che produce e vende cosmetici negli oltre 300 negozi monomarca.<br \/>\nNata come piccola bottega di erboristeria 50 anni fa, la marca si contraddistingue per l&#8217;uso di ingredienti naturali, per la coltivazione diretta di essi nella propria Tenuta in Toscana, per l&#8217;italianit\u00e0 e la completezza della propria filiera che comprende ricerca, produzione e distribuzione. I prodotti sono caratterizzati da alte percentuali di naturalit\u00e0, efficacia cosmetica e attenzione alla sostenibilit\u00e0 ambientale, oggi pi\u00f9 che mai centrale nelle strategie del brand.<\/p>\n","protected":false},"excerpt":{"rendered":"<p><span class=\"excerpt-hellip\"> [\u2026]<\/span><\/p>\n","protected":false},"featured_media":14278,"template":"","meta":{"_acf_changed":false},"product_brand":[],"product_cat":[52],"product_tag":[],"class_list":{"0":"post-1953","1":"product","2":"type-product","3":"status-publish","4":"has-post-thumbnail","6":"product_cat-cosmetics-and-jewelry","8":"first","9":"instock","10":"taxable","11":"shipping-taxable","12":"product-type-simple"},"acf":[],"yoast_head":"<!-- This site is optimized with the Yoast SEO plugin v27.5 - https:\/\/yoast.com\/product\/yoast-seo-wordpress\/ -->\n<title>Bottega Verde - Le Befane Shopping Centre | Rimini<\/title>\n<meta name=\"robots\" content=\"index, follow, max-snippet:-1, max-image-preview:large, max-video-preview:-1\" \/>\n<link rel=\"canonical\" href=\"https:\/\/www.lebefane.it\/en\/shop\/map162\/\" \/>\n<meta property=\"og:locale\" content=\"en_US\" \/>\n<meta property=\"og:type\" content=\"article\" \/>\n<meta property=\"og:title\" content=\"Bottega Verde - Le Befane Shopping Centre | Rimini\" \/>\n<meta property=\"og:description\" content=\"[\u2026]\" \/>\n<meta property=\"og:url\" content=\"https:\/\/www.lebefane.it\/en\/shop\/map162\/\" \/>\n<meta property=\"og:site_name\" content=\"Le Befane Shopping Centre | Rimini\" \/>\n<meta property=\"article:modified_time\" content=\"2025-11-02T22:02:10+00:00\" \/>\n<meta property=\"og:image\" content=\"https:\/\/www.lebefane.it\/wp-content\/uploads\/2018\/08\/2-4.jpg\" \/>\n\t<meta property=\"og:image:width\" content=\"1024\" \/>\n\t<meta property=\"og:image:height\" content=\"768\" \/>\n\t<meta property=\"og:image:type\" content=\"image\/jpeg\" \/>\n<meta name=\"twitter:card\" content=\"summary_large_image\" \/>\n<script type=\"application\/ld+json\" class=\"yoast-schema-graph\">{\"@context\":\"https:\\\/\\\/schema.org\",\"@graph\":[{\"@type\":\"WebPage\",\"@id\":\"https:\\\/\\\/www.lebefane.it\\\/en\\\/shop\\\/map162\\\/\",\"url\":\"https:\\\/\\\/www.lebefane.it\\\/en\\\/shop\\\/map162\\\/\",\"name\":\"Bottega Verde - Le Befane Shopping Centre | Rimini\",\"isPartOf\":{\"@id\":\"https:\\\/\\\/www.lebefane.it\\\/#website\"},\"primaryImageOfPage\":{\"@id\":\"https:\\\/\\\/www.lebefane.it\\\/en\\\/shop\\\/map162\\\/#primaryimage\"},\"image\":{\"@id\":\"https:\\\/\\\/www.lebefane.it\\\/en\\\/shop\\\/map162\\\/#primaryimage\"},\"thumbnailUrl\":\"https:\\\/\\\/www.lebefane.it\\\/wp-content\\\/uploads\\\/2018\\\/08\\\/2-4.jpg\",\"datePublished\":\"2018-08-30T14:21:46+00:00\",\"dateModified\":\"2025-11-02T22:02:10+00:00\",\"breadcrumb\":{\"@id\":\"https:\\\/\\\/www.lebefane.it\\\/en\\\/shop\\\/map162\\\/#breadcrumb\"},\"inLanguage\":\"en-US\",\"potentialAction\":[{\"@type\":\"ReadAction\",\"target\":[\"https:\\\/\\\/www.lebefane.it\\\/en\\\/shop\\\/map162\\\/\"]}]},{\"@type\":\"ImageObject\",\"inLanguage\":\"en-US\",\"@id\":\"https:\\\/\\\/www.lebefane.it\\\/en\\\/shop\\\/map162\\\/#primaryimage\",\"url\":\"https:\\\/\\\/www.lebefane.it\\\/wp-content\\\/uploads\\\/2018\\\/08\\\/2-4.jpg\",\"contentUrl\":\"https:\\\/\\\/www.lebefane.it\\\/wp-content\\\/uploads\\\/2018\\\/08\\\/2-4.jpg\",\"width\":1024,\"height\":768},{\"@type\":\"BreadcrumbList\",\"@id\":\"https:\\\/\\\/www.lebefane.it\\\/en\\\/shop\\\/map162\\\/#breadcrumb\",\"itemListElement\":[{\"@type\":\"ListItem\",\"position\":1,\"name\":\"Home\",\"item\":\"https:\\\/\\\/www.lebefane.it\\\/en\\\/\"},{\"@type\":\"ListItem\",\"position\":2,\"name\":\"Store\",\"item\":\"https:\\\/\\\/www.lebefane.it\\\/en\\\/store\\\/\"},{\"@type\":\"ListItem\",\"position\":3,\"name\":\"Bottega Verde\"}]},{\"@type\":\"WebSite\",\"@id\":\"https:\\\/\\\/www.lebefane.it\\\/#website\",\"url\":\"https:\\\/\\\/www.lebefane.it\\\/\",\"name\":\"Le Befane Shopping Centre | Rimini\",\"description\":\"Oltre 130 negozi, bar e ristoranti, Ipermercato Conad, Cinema Multisala\",\"potentialAction\":[{\"@type\":\"SearchAction\",\"target\":{\"@type\":\"EntryPoint\",\"urlTemplate\":\"https:\\\/\\\/www.lebefane.it\\\/?s={search_term_string}\"},\"query-input\":{\"@type\":\"PropertyValueSpecification\",\"valueRequired\":true,\"valueName\":\"search_term_string\"}}],\"inLanguage\":\"en-US\"}]}<\/script>\n<!-- \/ Yoast SEO plugin. -->","yoast_head_json":{"title":"Bottega Verde - Le Befane Shopping Centre | Rimini","robots":{"index":"index","follow":"follow","max-snippet":"max-snippet:-1","max-image-preview":"max-image-preview:large","max-video-preview":"max-video-preview:-1"},"canonical":"https:\/\/www.lebefane.it\/en\/shop\/map162\/","og_locale":"en_US","og_type":"article","og_title":"Bottega Verde - Le Befane Shopping Centre | Rimini","og_description":"[\u2026]","og_url":"https:\/\/www.lebefane.it\/en\/shop\/map162\/","og_site_name":"Le Befane Shopping Centre | Rimini","article_modified_time":"2025-11-02T22:02:10+00:00","og_image":[{"width":1024,"height":768,"url":"https:\/\/www.lebefane.it\/wp-content\/uploads\/2018\/08\/2-4.jpg","type":"image\/jpeg"}],"twitter_card":"summary_large_image","schema":{"@context":"https:\/\/schema.org","@graph":[{"@type":"WebPage","@id":"https:\/\/www.lebefane.it\/en\/shop\/map162\/","url":"https:\/\/www.lebefane.it\/en\/shop\/map162\/","name":"Bottega Verde - Le Befane Shopping Centre | Rimini","isPartOf":{"@id":"https:\/\/www.lebefane.it\/#website"},"primaryImageOfPage":{"@id":"https:\/\/www.lebefane.it\/en\/shop\/map162\/#primaryimage"},"image":{"@id":"https:\/\/www.lebefane.it\/en\/shop\/map162\/#primaryimage"},"thumbnailUrl":"https:\/\/www.lebefane.it\/wp-content\/uploads\/2018\/08\/2-4.jpg","datePublished":"2018-08-30T14:21:46+00:00","dateModified":"2025-11-02T22:02:10+00:00","breadcrumb":{"@id":"https:\/\/www.lebefane.it\/en\/shop\/map162\/#breadcrumb"},"inLanguage":"en-US","potentialAction":[{"@type":"ReadAction","target":["https:\/\/www.lebefane.it\/en\/shop\/map162\/"]}]},{"@type":"ImageObject","inLanguage":"en-US","@id":"https:\/\/www.lebefane.it\/en\/shop\/map162\/#primaryimage","url":"https:\/\/www.lebefane.it\/wp-content\/uploads\/2018\/08\/2-4.jpg","contentUrl":"https:\/\/www.lebefane.it\/wp-content\/uploads\/2018\/08\/2-4.jpg","width":1024,"height":768},{"@type":"BreadcrumbList","@id":"https:\/\/www.lebefane.it\/en\/shop\/map162\/#breadcrumb","itemListElement":[{"@type":"ListItem","position":1,"name":"Home","item":"https:\/\/www.lebefane.it\/en\/"},{"@type":"ListItem","position":2,"name":"Store","item":"https:\/\/www.lebefane.it\/en\/store\/"},{"@type":"ListItem","position":3,"name":"Bottega Verde"}]},{"@type":"WebSite","@id":"https:\/\/www.lebefane.it\/#website","url":"https:\/\/www.lebefane.it\/","name":"Le Befane Shopping Centre | Rimini","description":"Oltre 130 negozi, bar e ristoranti, Ipermercato Conad, Cinema Multisala","potentialAction":[{"@type":"SearchAction","target":{"@type":"EntryPoint","urlTemplate":"https:\/\/www.lebefane.it\/?s={search_term_string}"},"query-input":{"@type":"PropertyValueSpecification","valueRequired":true,"valueName":"search_term_string"}}],"inLanguage":"en-US"}]}},"publishpress_future_workflow_manual_trigger":{"enabledWorkflows":[]},"_links":{"self":[{"href":"https:\/\/www.lebefane.it\/en\/wp-json\/wp\/v2\/product\/1953","targetHints":{"allow":["GET"]}}],"collection":[{"href":"https:\/\/www.lebefane.it\/en\/wp-json\/wp\/v2\/product"}],"about":[{"href":"https:\/\/www.lebefane.it\/en\/wp-json\/wp\/v2\/types\/product"}],"wp:featuredmedia":[{"embeddable":true,"href":"https:\/\/www.lebefane.it\/en\/wp-json\/wp\/v2\/media\/14278"}],"wp:attachment":[{"href":"https:\/\/www.lebefane.it\/en\/wp-json\/wp\/v2\/media?parent=1953"}],"wp:term":[{"taxonomy":"product_brand","embeddable":true,"href":"https:\/\/www.lebefane.it\/en\/wp-json\/wp\/v2\/product_brand?post=1953"},{"taxonomy":"product_cat","embeddable":true,"href":"https:\/\/www.lebefane.it\/en\/wp-json\/wp\/v2\/product_cat?post=1953"},{"taxonomy":"product_tag","embeddable":true,"href":"https:\/\/www.lebefane.it\/en\/wp-json\/wp\/v2\/product_tag?post=1953"}],"curies":[{"name":"wp","href":"https:\/\/api.w.org\/{rel}","templated":true}]}}