{"id":1931,"date":"2018-08-30T16:52:03","date_gmt":"2018-08-30T14:52:03","guid":{"rendered":"https:\/\/www.lebefane.it\/shop\/map167\/"},"modified":"2023-05-10T12:50:41","modified_gmt":"2023-05-10T10:50:41","slug":"map167","status":"publish","type":"product","link":"https:\/\/www.lebefane.it\/en\/shop\/map167\/","title":{"rendered":"Pandora"},"content":{"rendered":"<p>Pandora \u00e8 il brand di gioielli pi\u00f9 grande al mondo. Iniziata come una piccola bottega orafa a Copenaghen (Danimarca) pi\u00f9 di 40 anni fa, oggi Pandora \u00e8 una multinazionale con gioielli venduti in pi\u00f9 di 100 Paesi, attraverso una rete di circa 6.400 punti vendita, tra i quali pi\u00f9 di 2.400 negozi monomarca.<\/p>\n<p>In Pandora \u00e8 possibile trovare gioielli rifiniti a mano, dal design contemporaneo, realizzati in materiali di alta qualit\u00e0, a prezzi accessibili. I gioielli Pandora sono realizzati in Tailandia e sono composti da metalli preziosi quali Argento Sterling 925 o placcature in oro giallo o rosa da 14k. Ogni gioiello \u00e8 unico e viene accuratamente rifinito a mano da ben 25 orafi diversi. La sostenibilit\u00e0 ha priorit\u00e0 assoluta, per questo Pandora si \u00e8 impegnata a diventare neutrale dal punto di vista delle emissioni di carbonio nelle proprie attivit\u00e0 e ad acquistare solo argento e oro riciclati.<\/p>\n<p>Con Pandora puoi trovare regali per tutti i gusti scegliendo tra le collezioni di gioielli componibili quali Moments o Pandora Me, oppure puoi personalizzare il tuo stile \u2013 dal pi\u00f9 elegante a quello casual di tutti i giorni &#8211; con le collezioni di gioielli finiti Timeless o Signature.<\/p>\n","protected":false},"excerpt":{"rendered":"<p><span class=\"excerpt-hellip\"> [\u2026]<\/span><\/p>\n","protected":false},"featured_media":1932,"template":"","meta":{"_acf_changed":false},"product_brand":[],"product_cat":[52],"product_tag":[],"class_list":{"0":"post-1931","1":"product","2":"type-product","3":"status-publish","4":"has-post-thumbnail","6":"product_cat-cosmetics-and-jewelry","8":"first","9":"instock","10":"taxable","11":"shipping-taxable","12":"product-type-simple"},"acf":[],"yoast_head":"<!-- This site is optimized with the Yoast SEO plugin v27.5 - https:\/\/yoast.com\/product\/yoast-seo-wordpress\/ -->\n<title>Pandora - Le Befane Shopping Centre | Rimini<\/title>\n<meta name=\"robots\" content=\"index, follow, max-snippet:-1, max-image-preview:large, max-video-preview:-1\" \/>\n<link rel=\"canonical\" href=\"https:\/\/www.lebefane.it\/en\/shop\/map167\/\" \/>\n<meta property=\"og:locale\" content=\"en_US\" \/>\n<meta property=\"og:type\" content=\"article\" \/>\n<meta property=\"og:title\" content=\"Pandora - Le Befane Shopping Centre | Rimini\" \/>\n<meta property=\"og:description\" content=\"[\u2026]\" \/>\n<meta property=\"og:url\" content=\"https:\/\/www.lebefane.it\/en\/shop\/map167\/\" \/>\n<meta property=\"og:site_name\" content=\"Le Befane Shopping Centre | Rimini\" \/>\n<meta property=\"article:modified_time\" content=\"2023-05-10T10:50:41+00:00\" \/>\n<meta property=\"og:image\" content=\"https:\/\/www.lebefane.it\/wp-content\/uploads\/2018\/08\/Untitled-1-8.jpg\" \/>\n\t<meta property=\"og:image:width\" content=\"1493\" \/>\n\t<meta property=\"og:image:height\" content=\"850\" \/>\n\t<meta property=\"og:image:type\" content=\"image\/jpeg\" \/>\n<meta name=\"twitter:card\" content=\"summary_large_image\" \/>\n<meta name=\"twitter:label1\" content=\"Est. reading time\" \/>\n\t<meta name=\"twitter:data1\" content=\"1 minute\" \/>\n<script type=\"application\/ld+json\" class=\"yoast-schema-graph\">{\"@context\":\"https:\\\/\\\/schema.org\",\"@graph\":[{\"@type\":\"WebPage\",\"@id\":\"https:\\\/\\\/www.lebefane.it\\\/en\\\/shop\\\/map167\\\/\",\"url\":\"https:\\\/\\\/www.lebefane.it\\\/en\\\/shop\\\/map167\\\/\",\"name\":\"Pandora - Le Befane Shopping Centre | Rimini\",\"isPartOf\":{\"@id\":\"https:\\\/\\\/www.lebefane.it\\\/#website\"},\"primaryImageOfPage\":{\"@id\":\"https:\\\/\\\/www.lebefane.it\\\/en\\\/shop\\\/map167\\\/#primaryimage\"},\"image\":{\"@id\":\"https:\\\/\\\/www.lebefane.it\\\/en\\\/shop\\\/map167\\\/#primaryimage\"},\"thumbnailUrl\":\"https:\\\/\\\/www.lebefane.it\\\/wp-content\\\/uploads\\\/2018\\\/08\\\/Untitled-1-8.jpg\",\"datePublished\":\"2018-08-30T14:52:03+00:00\",\"dateModified\":\"2023-05-10T10:50:41+00:00\",\"breadcrumb\":{\"@id\":\"https:\\\/\\\/www.lebefane.it\\\/en\\\/shop\\\/map167\\\/#breadcrumb\"},\"inLanguage\":\"en-US\",\"potentialAction\":[{\"@type\":\"ReadAction\",\"target\":[\"https:\\\/\\\/www.lebefane.it\\\/en\\\/shop\\\/map167\\\/\"]}]},{\"@type\":\"ImageObject\",\"inLanguage\":\"en-US\",\"@id\":\"https:\\\/\\\/www.lebefane.it\\\/en\\\/shop\\\/map167\\\/#primaryimage\",\"url\":\"https:\\\/\\\/www.lebefane.it\\\/wp-content\\\/uploads\\\/2018\\\/08\\\/Untitled-1-8.jpg\",\"contentUrl\":\"https:\\\/\\\/www.lebefane.it\\\/wp-content\\\/uploads\\\/2018\\\/08\\\/Untitled-1-8.jpg\",\"width\":1493,\"height\":850},{\"@type\":\"BreadcrumbList\",\"@id\":\"https:\\\/\\\/www.lebefane.it\\\/en\\\/shop\\\/map167\\\/#breadcrumb\",\"itemListElement\":[{\"@type\":\"ListItem\",\"position\":1,\"name\":\"Home\",\"item\":\"https:\\\/\\\/www.lebefane.it\\\/en\\\/\"},{\"@type\":\"ListItem\",\"position\":2,\"name\":\"Store\",\"item\":\"https:\\\/\\\/www.lebefane.it\\\/en\\\/store\\\/\"},{\"@type\":\"ListItem\",\"position\":3,\"name\":\"Pandora\"}]},{\"@type\":\"WebSite\",\"@id\":\"https:\\\/\\\/www.lebefane.it\\\/#website\",\"url\":\"https:\\\/\\\/www.lebefane.it\\\/\",\"name\":\"Le Befane Shopping Centre | Rimini\",\"description\":\"Oltre 130 negozi, bar e ristoranti, Ipermercato Conad, Cinema Multisala\",\"potentialAction\":[{\"@type\":\"SearchAction\",\"target\":{\"@type\":\"EntryPoint\",\"urlTemplate\":\"https:\\\/\\\/www.lebefane.it\\\/?s={search_term_string}\"},\"query-input\":{\"@type\":\"PropertyValueSpecification\",\"valueRequired\":true,\"valueName\":\"search_term_string\"}}],\"inLanguage\":\"en-US\"}]}<\/script>\n<!-- \/ Yoast SEO plugin. -->","yoast_head_json":{"title":"Pandora - Le Befane Shopping Centre | Rimini","robots":{"index":"index","follow":"follow","max-snippet":"max-snippet:-1","max-image-preview":"max-image-preview:large","max-video-preview":"max-video-preview:-1"},"canonical":"https:\/\/www.lebefane.it\/en\/shop\/map167\/","og_locale":"en_US","og_type":"article","og_title":"Pandora - Le Befane Shopping Centre | Rimini","og_description":"[\u2026]","og_url":"https:\/\/www.lebefane.it\/en\/shop\/map167\/","og_site_name":"Le Befane Shopping Centre | Rimini","article_modified_time":"2023-05-10T10:50:41+00:00","og_image":[{"width":1493,"height":850,"url":"https:\/\/www.lebefane.it\/wp-content\/uploads\/2018\/08\/Untitled-1-8.jpg","type":"image\/jpeg"}],"twitter_card":"summary_large_image","twitter_misc":{"Est. reading time":"1 minute"},"schema":{"@context":"https:\/\/schema.org","@graph":[{"@type":"WebPage","@id":"https:\/\/www.lebefane.it\/en\/shop\/map167\/","url":"https:\/\/www.lebefane.it\/en\/shop\/map167\/","name":"Pandora - Le Befane Shopping Centre | Rimini","isPartOf":{"@id":"https:\/\/www.lebefane.it\/#website"},"primaryImageOfPage":{"@id":"https:\/\/www.lebefane.it\/en\/shop\/map167\/#primaryimage"},"image":{"@id":"https:\/\/www.lebefane.it\/en\/shop\/map167\/#primaryimage"},"thumbnailUrl":"https:\/\/www.lebefane.it\/wp-content\/uploads\/2018\/08\/Untitled-1-8.jpg","datePublished":"2018-08-30T14:52:03+00:00","dateModified":"2023-05-10T10:50:41+00:00","breadcrumb":{"@id":"https:\/\/www.lebefane.it\/en\/shop\/map167\/#breadcrumb"},"inLanguage":"en-US","potentialAction":[{"@type":"ReadAction","target":["https:\/\/www.lebefane.it\/en\/shop\/map167\/"]}]},{"@type":"ImageObject","inLanguage":"en-US","@id":"https:\/\/www.lebefane.it\/en\/shop\/map167\/#primaryimage","url":"https:\/\/www.lebefane.it\/wp-content\/uploads\/2018\/08\/Untitled-1-8.jpg","contentUrl":"https:\/\/www.lebefane.it\/wp-content\/uploads\/2018\/08\/Untitled-1-8.jpg","width":1493,"height":850},{"@type":"BreadcrumbList","@id":"https:\/\/www.lebefane.it\/en\/shop\/map167\/#breadcrumb","itemListElement":[{"@type":"ListItem","position":1,"name":"Home","item":"https:\/\/www.lebefane.it\/en\/"},{"@type":"ListItem","position":2,"name":"Store","item":"https:\/\/www.lebefane.it\/en\/store\/"},{"@type":"ListItem","position":3,"name":"Pandora"}]},{"@type":"WebSite","@id":"https:\/\/www.lebefane.it\/#website","url":"https:\/\/www.lebefane.it\/","name":"Le Befane Shopping Centre | Rimini","description":"Oltre 130 negozi, bar e ristoranti, Ipermercato Conad, Cinema Multisala","potentialAction":[{"@type":"SearchAction","target":{"@type":"EntryPoint","urlTemplate":"https:\/\/www.lebefane.it\/?s={search_term_string}"},"query-input":{"@type":"PropertyValueSpecification","valueRequired":true,"valueName":"search_term_string"}}],"inLanguage":"en-US"}]}},"publishpress_future_workflow_manual_trigger":{"enabledWorkflows":[]},"_links":{"self":[{"href":"https:\/\/www.lebefane.it\/en\/wp-json\/wp\/v2\/product\/1931","targetHints":{"allow":["GET"]}}],"collection":[{"href":"https:\/\/www.lebefane.it\/en\/wp-json\/wp\/v2\/product"}],"about":[{"href":"https:\/\/www.lebefane.it\/en\/wp-json\/wp\/v2\/types\/product"}],"wp:featuredmedia":[{"embeddable":true,"href":"https:\/\/www.lebefane.it\/en\/wp-json\/wp\/v2\/media\/1932"}],"wp:attachment":[{"href":"https:\/\/www.lebefane.it\/en\/wp-json\/wp\/v2\/media?parent=1931"}],"wp:term":[{"taxonomy":"product_brand","embeddable":true,"href":"https:\/\/www.lebefane.it\/en\/wp-json\/wp\/v2\/product_brand?post=1931"},{"taxonomy":"product_cat","embeddable":true,"href":"https:\/\/www.lebefane.it\/en\/wp-json\/wp\/v2\/product_cat?post=1931"},{"taxonomy":"product_tag","embeddable":true,"href":"https:\/\/www.lebefane.it\/en\/wp-json\/wp\/v2\/product_tag?post=1931"}],"curies":[{"name":"wp","href":"https:\/\/api.w.org\/{rel}","templated":true}]}}