{"id":1793,"date":"2018-08-30T18:55:47","date_gmt":"2018-08-30T16:55:47","guid":{"rendered":"https:\/\/www.lebefane.it\/shop\/map131\/"},"modified":"2024-07-19T14:56:22","modified_gmt":"2024-07-19T12:56:22","slug":"map131","status":"publish","type":"product","link":"https:\/\/www.lebefane.it\/en\/shop\/map131\/","title":{"rendered":"Juneco"},"content":{"rendered":"<p style=\"text-align: justify;\">Con 7 centri e pi\u00f9 di 600 interventi eseguiti Juneco \u00e8 il pi\u00f9 importante network di chirurgia e medicina estetica in Italia. Presenti all\u2019interno di alcuni dei migliori centri commerciali italiani, ci poniamo l\u2019ambizioso obiettivo di consentire a un pubblico sempre pi\u00f9 ampio di accedere ai migliori trattamenti.<br \/>\nOffriamo un\u2019ampia gamma di trattamenti e interventi dedicati alla bellezza e al ringiovanimento del viso e del corpo, utilizzando solo tecnologie all\u2019avanguardia e prodotti di alta qualit\u00e0.<br \/>\nMentre gli interventi ambulatoriali vengono eseguiti direttamente nei nostri centri, per gli interventi di chirurgia estetica che richiedono una sala operatoria ci affidiamo a importanti strutture del territorio.<br \/>\nLa filosofia di Juneco \u00e8 quella di accompagnare i pazienti all\u2019interno di un percorso che mira ad esaltare la bellezza in modo personalizzato, assicurando risultati naturali e senza stravolgere l\u2019armonia del volto e del corpo.<\/p>\n<p>QUALI SONO I NOSTRI PLUS?<br \/>\n+ Primo consulto senza impegno e tutti i controlli pre e post-operatori sono inclusi<br \/>\n+ Trattamenti e interventi eseguiti solo da medici estetici e chirurghi plastici specializzati in Chirurgia<br \/>\nPlastica Ricostruttiva ed Estetica<br \/>\n+ Tecnologie e prodotti di ultima generazione certificati da beauty passport<br \/>\n+ Beauty advisor dedicata<br \/>\n+ Pagamenti dilazionati<\/p>\n<p><strong>DIRETTORE SANITARIO<\/strong><br \/>\nDirettore Sanitario Dott.ssaPaula Ribeiro Abreu- Iscritto all\u2019Ordine dei Medici Chirurghi di Rimini n. 02391<\/p>\n","protected":false},"excerpt":{"rendered":"<p><span class=\"excerpt-hellip\"> [\u2026]<\/span><\/p>\n","protected":false},"featured_media":8140,"template":"","meta":{"_acf_changed":false},"product_brand":[],"product_cat":[56],"product_tag":[],"class_list":{"0":"post-1793","1":"product","2":"type-product","3":"status-publish","4":"has-post-thumbnail","6":"product_cat-services","8":"first","9":"instock","10":"taxable","11":"shipping-taxable","12":"product-type-simple"},"acf":[],"yoast_head":"<!-- This site is optimized with the Yoast SEO plugin v27.5 - https:\/\/yoast.com\/product\/yoast-seo-wordpress\/ -->\n<title>Juneco - Le Befane Shopping Centre | Rimini<\/title>\n<meta name=\"robots\" content=\"index, follow, max-snippet:-1, max-image-preview:large, max-video-preview:-1\" \/>\n<link rel=\"canonical\" href=\"https:\/\/www.lebefane.it\/en\/shop\/map131\/\" \/>\n<meta property=\"og:locale\" content=\"en_US\" \/>\n<meta property=\"og:type\" content=\"article\" \/>\n<meta property=\"og:title\" content=\"Juneco - Le Befane Shopping Centre | Rimini\" \/>\n<meta property=\"og:description\" content=\"[\u2026]\" \/>\n<meta property=\"og:url\" content=\"https:\/\/www.lebefane.it\/en\/shop\/map131\/\" \/>\n<meta property=\"og:site_name\" content=\"Le Befane Shopping Centre | Rimini\" \/>\n<meta property=\"article:modified_time\" content=\"2024-07-19T12:56:22+00:00\" \/>\n<meta property=\"og:image\" content=\"https:\/\/www.lebefane.it\/wp-content\/uploads\/2018\/08\/WhatsApp-Image-2021-07-10-at-09.26.11.jpeg\" \/>\n\t<meta property=\"og:image:width\" content=\"2016\" \/>\n\t<meta property=\"og:image:height\" content=\"1512\" \/>\n\t<meta property=\"og:image:type\" content=\"image\/jpeg\" \/>\n<meta name=\"twitter:card\" content=\"summary_large_image\" \/>\n<meta name=\"twitter:label1\" content=\"Est. reading time\" \/>\n\t<meta name=\"twitter:data1\" content=\"1 minute\" \/>\n<script type=\"application\/ld+json\" class=\"yoast-schema-graph\">{\"@context\":\"https:\\\/\\\/schema.org\",\"@graph\":[{\"@type\":\"WebPage\",\"@id\":\"https:\\\/\\\/www.lebefane.it\\\/en\\\/shop\\\/map131\\\/\",\"url\":\"https:\\\/\\\/www.lebefane.it\\\/en\\\/shop\\\/map131\\\/\",\"name\":\"Juneco - Le Befane Shopping Centre | Rimini\",\"isPartOf\":{\"@id\":\"https:\\\/\\\/www.lebefane.it\\\/#website\"},\"primaryImageOfPage\":{\"@id\":\"https:\\\/\\\/www.lebefane.it\\\/en\\\/shop\\\/map131\\\/#primaryimage\"},\"image\":{\"@id\":\"https:\\\/\\\/www.lebefane.it\\\/en\\\/shop\\\/map131\\\/#primaryimage\"},\"thumbnailUrl\":\"https:\\\/\\\/www.lebefane.it\\\/wp-content\\\/uploads\\\/2018\\\/08\\\/WhatsApp-Image-2021-07-10-at-09.26.11.jpeg\",\"datePublished\":\"2018-08-30T16:55:47+00:00\",\"dateModified\":\"2024-07-19T12:56:22+00:00\",\"breadcrumb\":{\"@id\":\"https:\\\/\\\/www.lebefane.it\\\/en\\\/shop\\\/map131\\\/#breadcrumb\"},\"inLanguage\":\"en-US\",\"potentialAction\":[{\"@type\":\"ReadAction\",\"target\":[\"https:\\\/\\\/www.lebefane.it\\\/en\\\/shop\\\/map131\\\/\"]}]},{\"@type\":\"ImageObject\",\"inLanguage\":\"en-US\",\"@id\":\"https:\\\/\\\/www.lebefane.it\\\/en\\\/shop\\\/map131\\\/#primaryimage\",\"url\":\"https:\\\/\\\/www.lebefane.it\\\/wp-content\\\/uploads\\\/2018\\\/08\\\/WhatsApp-Image-2021-07-10-at-09.26.11.jpeg\",\"contentUrl\":\"https:\\\/\\\/www.lebefane.it\\\/wp-content\\\/uploads\\\/2018\\\/08\\\/WhatsApp-Image-2021-07-10-at-09.26.11.jpeg\",\"width\":2016,\"height\":1512},{\"@type\":\"BreadcrumbList\",\"@id\":\"https:\\\/\\\/www.lebefane.it\\\/en\\\/shop\\\/map131\\\/#breadcrumb\",\"itemListElement\":[{\"@type\":\"ListItem\",\"position\":1,\"name\":\"Home\",\"item\":\"https:\\\/\\\/www.lebefane.it\\\/en\\\/\"},{\"@type\":\"ListItem\",\"position\":2,\"name\":\"Store\",\"item\":\"https:\\\/\\\/www.lebefane.it\\\/en\\\/store\\\/\"},{\"@type\":\"ListItem\",\"position\":3,\"name\":\"Juneco\"}]},{\"@type\":\"WebSite\",\"@id\":\"https:\\\/\\\/www.lebefane.it\\\/#website\",\"url\":\"https:\\\/\\\/www.lebefane.it\\\/\",\"name\":\"Le Befane Shopping Centre | Rimini\",\"description\":\"Oltre 130 negozi, bar e ristoranti, Ipermercato Conad, Cinema Multisala\",\"potentialAction\":[{\"@type\":\"SearchAction\",\"target\":{\"@type\":\"EntryPoint\",\"urlTemplate\":\"https:\\\/\\\/www.lebefane.it\\\/?s={search_term_string}\"},\"query-input\":{\"@type\":\"PropertyValueSpecification\",\"valueRequired\":true,\"valueName\":\"search_term_string\"}}],\"inLanguage\":\"en-US\"}]}<\/script>\n<!-- \/ Yoast SEO plugin. -->","yoast_head_json":{"title":"Juneco - Le Befane Shopping Centre | Rimini","robots":{"index":"index","follow":"follow","max-snippet":"max-snippet:-1","max-image-preview":"max-image-preview:large","max-video-preview":"max-video-preview:-1"},"canonical":"https:\/\/www.lebefane.it\/en\/shop\/map131\/","og_locale":"en_US","og_type":"article","og_title":"Juneco - Le Befane Shopping Centre | Rimini","og_description":"[\u2026]","og_url":"https:\/\/www.lebefane.it\/en\/shop\/map131\/","og_site_name":"Le Befane Shopping Centre | Rimini","article_modified_time":"2024-07-19T12:56:22+00:00","og_image":[{"width":2016,"height":1512,"url":"https:\/\/www.lebefane.it\/wp-content\/uploads\/2018\/08\/WhatsApp-Image-2021-07-10-at-09.26.11.jpeg","type":"image\/jpeg"}],"twitter_card":"summary_large_image","twitter_misc":{"Est. reading time":"1 minute"},"schema":{"@context":"https:\/\/schema.org","@graph":[{"@type":"WebPage","@id":"https:\/\/www.lebefane.it\/en\/shop\/map131\/","url":"https:\/\/www.lebefane.it\/en\/shop\/map131\/","name":"Juneco - Le Befane Shopping Centre | Rimini","isPartOf":{"@id":"https:\/\/www.lebefane.it\/#website"},"primaryImageOfPage":{"@id":"https:\/\/www.lebefane.it\/en\/shop\/map131\/#primaryimage"},"image":{"@id":"https:\/\/www.lebefane.it\/en\/shop\/map131\/#primaryimage"},"thumbnailUrl":"https:\/\/www.lebefane.it\/wp-content\/uploads\/2018\/08\/WhatsApp-Image-2021-07-10-at-09.26.11.jpeg","datePublished":"2018-08-30T16:55:47+00:00","dateModified":"2024-07-19T12:56:22+00:00","breadcrumb":{"@id":"https:\/\/www.lebefane.it\/en\/shop\/map131\/#breadcrumb"},"inLanguage":"en-US","potentialAction":[{"@type":"ReadAction","target":["https:\/\/www.lebefane.it\/en\/shop\/map131\/"]}]},{"@type":"ImageObject","inLanguage":"en-US","@id":"https:\/\/www.lebefane.it\/en\/shop\/map131\/#primaryimage","url":"https:\/\/www.lebefane.it\/wp-content\/uploads\/2018\/08\/WhatsApp-Image-2021-07-10-at-09.26.11.jpeg","contentUrl":"https:\/\/www.lebefane.it\/wp-content\/uploads\/2018\/08\/WhatsApp-Image-2021-07-10-at-09.26.11.jpeg","width":2016,"height":1512},{"@type":"BreadcrumbList","@id":"https:\/\/www.lebefane.it\/en\/shop\/map131\/#breadcrumb","itemListElement":[{"@type":"ListItem","position":1,"name":"Home","item":"https:\/\/www.lebefane.it\/en\/"},{"@type":"ListItem","position":2,"name":"Store","item":"https:\/\/www.lebefane.it\/en\/store\/"},{"@type":"ListItem","position":3,"name":"Juneco"}]},{"@type":"WebSite","@id":"https:\/\/www.lebefane.it\/#website","url":"https:\/\/www.lebefane.it\/","name":"Le Befane Shopping Centre | Rimini","description":"Oltre 130 negozi, bar e ristoranti, Ipermercato Conad, Cinema Multisala","potentialAction":[{"@type":"SearchAction","target":{"@type":"EntryPoint","urlTemplate":"https:\/\/www.lebefane.it\/?s={search_term_string}"},"query-input":{"@type":"PropertyValueSpecification","valueRequired":true,"valueName":"search_term_string"}}],"inLanguage":"en-US"}]}},"publishpress_future_workflow_manual_trigger":{"enabledWorkflows":[]},"_links":{"self":[{"href":"https:\/\/www.lebefane.it\/en\/wp-json\/wp\/v2\/product\/1793","targetHints":{"allow":["GET"]}}],"collection":[{"href":"https:\/\/www.lebefane.it\/en\/wp-json\/wp\/v2\/product"}],"about":[{"href":"https:\/\/www.lebefane.it\/en\/wp-json\/wp\/v2\/types\/product"}],"wp:featuredmedia":[{"embeddable":true,"href":"https:\/\/www.lebefane.it\/en\/wp-json\/wp\/v2\/media\/8140"}],"wp:attachment":[{"href":"https:\/\/www.lebefane.it\/en\/wp-json\/wp\/v2\/media?parent=1793"}],"wp:term":[{"taxonomy":"product_brand","embeddable":true,"href":"https:\/\/www.lebefane.it\/en\/wp-json\/wp\/v2\/product_brand?post=1793"},{"taxonomy":"product_cat","embeddable":true,"href":"https:\/\/www.lebefane.it\/en\/wp-json\/wp\/v2\/product_cat?post=1793"},{"taxonomy":"product_tag","embeddable":true,"href":"https:\/\/www.lebefane.it\/en\/wp-json\/wp\/v2\/product_tag?post=1793"}],"curies":[{"name":"wp","href":"https:\/\/api.w.org\/{rel}","templated":true}]}}