{"id":1740,"date":"2019-05-27T23:59:08","date_gmt":"2019-05-27T21:59:08","guid":{"rendered":"https:\/\/www.lebefane.it\/informativa-videosorveglianza\/"},"modified":"2019-06-24T17:35:55","modified_gmt":"2019-06-24T15:35:55","slug":"video-security","status":"publish","type":"page","link":"https:\/\/www.lebefane.it\/en\/video-security\/","title":{"rendered":"Video Security Disclaimer"},"content":{"rendered":"<p><strong>INFORMATIVA ART.13 REGOLAMENTO UE 2016\/679 &#8211;\u00a0<\/strong><strong>VIDEOSORVEGLIANZA<\/strong><\/p>\n<p><strong>TITOLARE DEL TRATTAMENTO DEI DATI PERSONALI<br \/>\n<\/strong><strong>Il <\/strong><strong>CONSORZIO CENTRO COMMERCIALE LE BEFANE <\/strong><strong>con sede legale a Rimini (RN) 47924, in Via Caduti di Nassiriya 20, C.F. e P.IVA 03539390405 rappresentato dal Sig. Davide Baraldi in qualit\u00e0 di legale rappresentante.<\/strong><\/p>\n<p><strong>RESPONSABILE ESTERNO PER IL TRATTAMENTO DEI DATI PERSONALI<br \/>\n<\/strong><strong>Societ\u00e0 di vigilanza<br \/>\n<\/strong><strong>COOPSERVICE S.COOP.P.A. <\/strong><strong>con sede legale a Reggio Emilia 42122, in Via Rochdal n. 5, P.IVA 00310180351<br \/>\n<\/strong><strong>Tel: 0522\/94011<br \/>\n<\/strong><strong>Fax: 0522\/940128<br \/>\n<\/strong><strong>E-mail: <\/strong><a href=\"https:\/\/www.coopservice.it\/richiesta-informazioni\"><strong>info@coopservice.it<\/strong><\/a><\/p>\n<p><strong>\u00a0<\/strong><\/p>\n<p><strong>FINALIT\u00c0 DEL TRATTAMENTO DEI DATI PERSONALI.<\/strong><\/p>\n<p>Il CONSORZIO CENTRO COMMERCIALE LE BEFANE con la videosorveglianza vuole potenziare gli strumenti in suo possesso per il controllo e la sorveglianza degli accessi per ragioni di sicurezza. La videosorveglianza, infatti, \u00e9 uno strumento di prevenzione e di razionalizzazione dell\u2019azione e degli interventi di chi \u00e9 preposto a tutelare le esigenze di sicurezza.<\/p>\n<p>&nbsp;<\/p>\n<p><strong>DATI PERSONALI TRATTATI<\/strong><\/p>\n<p>Il CONSORZIO CENTRO COMMERCIALE LE BEFANE con il sistema di videosorveglianza tratter\u00e0, di tutte le persone che entrano alle Befane Shopping Centre i seguenti dati personali : immagini, data e ora della registrazione.<\/p>\n<p><strong>\u00a0<\/strong><\/p>\n<p><strong>CONSERVAZIONE DEI DATI PERSONALI<\/strong><\/p>\n<p>I dati personali saranno conservati solo per 24\/h salvo il caso in cui Il CONSORZIO CENTRO COMMERCIALE LE BEFANE non ritenga di darne informazione agli organi di Polizia o Autorit\u00e0 Giudiziaria o il caso in cui la richiesta provenga da quest\u2019ultimi .<\/p>\n<p>&nbsp;<\/p>\n<p><strong>CARATTERISTICHE TECNICHE DELL\u2019IMPIANTO<\/strong><\/p>\n<p>Il sistema di videosorveglianza si compone di una rete di videocamere presenti all\u2019interno e all\u2019esterno delle \u201cBefane Shopping Centre\u201d adeguatamente indicate con gli appositi cartelli.<\/p>\n<p>Le immagini riprese e registrate sono trasmesse intranet\u00a0 alla postazione centrale di controllo, di seguito definita come \u201cCentral room\u201d situata presso uffici amministrativi presenti nell\u2019immobile coincidente con le Befane Shopping Centre.<\/p>\n<p>Le videocamere sono sia fisse sia brandeggiabili. L\u2019elenco tecnico delle tipologie di videocamere utilizzate \u00e9 consultabile presso gli uffici amministrativi di Il CONSORZIO CENTRO COMMERCIALE LE BEFANE .<\/p>\n<p>Le videocamere consentono riprese video anche con scarsa illuminazione notturna.<\/p>\n<p>Le immagini saranno solo ed esclusivamente visibili\u00a0 nei monitor presso la \u201cCentral room\u201d situata negli uffici amministrativi di Il CONSORZIO CENTRO COMMERCIALE LE BEFANE .<\/p>\n<p><strong>\u00a0<\/strong><\/p>\n<p><strong>PRINCIPIO DI MINIMIZZAZIONE DEI DATI PERSONALI<\/strong><\/p>\n<p>Il trattamento effettuato mediante il sistema di videosorveglianza delle Befane Shopping Centre sar\u00e0 improntato in linea con i principi fondamentali sanciti dal Regolamento UE 2016\/679, ai principi di correttezza, pertinenza e minimizzazione dei dati, liceit\u00e0, necessit\u00e0, proporzionalit\u00e0 e limitazione delle finalit\u00e0 e nel rispetto dei diritti e delle libert\u00e0 fondamentali, nonch\u00e9 della dignit\u00e0 delle persone con particolare riferimento alla tutela della riservatezza, alla identit\u00e0 personale e al diritto alla protezione dei dati personali.<\/p>\n<p>Con riferimento ai principi di pertinenza e minimizzazione dei dati trattati rispetto agli scopi perseguiti, le videocamere saranno installate in modo tale da limitare l\u2019angolo visuale delle riprese, evitando quando non indispensabili immagini dettagliate, ingrandite o dettagli non rilevanti per non consentire la ripresa di tratti somatici delle persone e di qualunque altro dettaglio idoneo alla loro identificazione.<\/p>\n<p>Le immagini non saranno divulgate e\/o diffuse.<\/p>\n<p>&nbsp;<\/p>\n<p><strong>CASI DI ACCERTAMENTI CON INDAGINI DI AUTORIT\u00c0 GIUDIZIARIE O DI POLIZIA<\/strong><\/p>\n<p>Il Responsabile Esterno della videosorveglianza potr\u00e0 provvedere a registrare le immagini e a darne immediata comunicazione al Direttore delle Befane Shopping Centre qualora le immagini contengano fatti che possono portare ad ipotesi di reato o ad eventi relativi ai fini della sicurezza pubblica o della tutela ambientale.<\/p>\n<p>In tali casi, in deroga a quanto prescritto nelle modalit\u00e0 di ripresa, il Responsabile Esterno potr\u00e0 procedere agli ingrandimenti della ripresa delle immagini strettamente necessarie e non eccedenti allo specifico scopo perseguito ed alla registrazione delle stesse su supporti magnetici.<\/p>\n<p>Alle informazioni raccolte ai sensi del presente articolo possono accedere solo gli organi di Polizia e l\u2019Autorit\u00e0 Giudiziaria. Tali informazioni potranno essere utilizzate dagli organi di Polizia e l\u2019Autorit\u00e0 Giudiziaria anche in relazione ad indagini.<\/p>\n<p><strong>\u00a0<\/strong><\/p>\n<p><strong>I tuoi diritti<\/strong><\/p>\n<p><strong>Diritto di accesso ai dati personali: <\/strong>diritto di richiedere l\u2019accesso e quindi di conoscere ed ottenere la conferma da parte del Titolare del Trattamento dei dati personali della conservazione e trattamento dei suoi dati personali.<\/p>\n<p><strong>Diritto di Rettifica ed Integrazione dei dati personali:<\/strong> diritto di richiedere la rettifica dati personali inesatti\u00a0 e\/o integrazione dei dati personali.<\/p>\n<p><strong>Diritto alla Cancellazione dei dati personali: <\/strong>diritto di richiedere la cancellazione dei dati personali conservati presso il Titolare del Trattamento dei dati personali.<\/p>\n<p><strong>Limitazione del Trattamento dei dati personali: <\/strong>diritto di richiedere al Titolare del Trattamento dei dati personali la temporanea sottoposizione dei suoi dati personali alla sola operazione di conservazione degli stessi.<\/p>\n<p><strong>Diritto di opposizione:<\/strong> diritto di manifestare al Titolare del Trattamento dei dati personali in qualsiasi momento, la propria opposizione al trattamento dei propri dati personali;<\/p>\n<p><strong>Diritto alla portabilit\u00e0 dei dati personali: <\/strong>diritto di richiedere ed ottenere, previa richiesta la trasmissione diretta dei propri dati personali conservati dal Titolare del Trattamento dei dati personali presso un soggetto da specificatamente indicato, in un formato strutturato, di uso comune e leggibile da dispositivo automatico. L\u2019esercizio di tale diritto, tuttavia, pu\u00f2 essere esercitabile solo se se tecnicamente possibile, ossia se i dati personali sono trattati dal Titolare del Trattamento dei dati personali attraverso mezzi automatizzati.<\/p>\n<p><strong>Diritto di adire l\u2019autorit\u00e0 di controllo: <\/strong>diritto di presentare per iscritto segnalazioni, reclami o ricorsi al <strong>Garante per la protezione dei dati personali,<\/strong> specificatamente <strong>all\u2019Ufficio relazioni con il pubblico (URP)<\/strong> i cui contatti sono:<\/p>\n<p><strong>a. Per il Garante per la protezione dei dati personali:<\/strong><\/p>\n<p>indirizzo: Piazza di Monte Citorio n. 121, 00186 Roma; &#8211; fax: (+39) 06.69677.3785 &#8211; Centralino telefonico: (+39) 06.696771<\/p>\n<p>e-mail: <a href=\"mailto:garante@gpdp.it\">garante@gpdp.it<\/a> &#8211; posta certificata: <a href=\"mailto:protocollo@pecgpdp.it\">protocollo@pecgpdp.it<\/a><\/p>\n<p><strong>b. Per l\u2019Ufficio relazioni con il pubblico (URP)<\/strong><\/p>\n<p>indirizzo:Piazza di Monte Citorio n. 121, 00186 Roma; &#8211; telefono: (+39) 0669677.2917 &#8211; e-mail: <a href=\"mailto:urp@gpdp.it\">urp@gpdp.it<\/a><\/p>\n<p>&nbsp;<\/p>\n<p>La presente informativa potr\u00e0 subire modifiche e integrazioni nel corso del tempo, ti invitiamo, pertanto, a verificarne periodicamente i contenuti. Laddove possibile, cercheremo di informarti tempestivamente sulle modifiche apportate.<\/p>\n","protected":false},"excerpt":{"rendered":"<p><span class=\"excerpt-hellip\"> [\u2026]<\/span><\/p>\n","protected":false},"author":1,"featured_media":0,"parent":0,"menu_order":69,"comment_status":"closed","ping_status":"open","template":"","meta":{"_acf_changed":false,"footnotes":""},"class_list":["post-1740","page","type-page","status-publish","hentry"],"acf":[],"yoast_head":"<!-- This site is optimized with the Yoast SEO plugin v27.5 - https:\/\/yoast.com\/product\/yoast-seo-wordpress\/ -->\n<title>Video Security Disclaimer - Le Befane Shopping Centre | Rimini<\/title>\n<meta name=\"robots\" content=\"index, follow, max-snippet:-1, max-image-preview:large, max-video-preview:-1\" \/>\n<link rel=\"canonical\" href=\"https:\/\/www.lebefane.it\/en\/video-security\/\" \/>\n<meta property=\"og:locale\" content=\"en_US\" \/>\n<meta property=\"og:type\" content=\"article\" \/>\n<meta property=\"og:title\" content=\"Video Security Disclaimer - Le Befane Shopping Centre | Rimini\" \/>\n<meta property=\"og:description\" content=\"[\u2026]\" \/>\n<meta property=\"og:url\" content=\"https:\/\/www.lebefane.it\/en\/video-security\/\" \/>\n<meta property=\"og:site_name\" content=\"Le Befane Shopping Centre | Rimini\" \/>\n<meta property=\"article:modified_time\" content=\"2019-06-24T15:35:55+00:00\" \/>\n<meta name=\"twitter:card\" content=\"summary_large_image\" \/>\n<meta name=\"twitter:label1\" content=\"Est. reading time\" \/>\n\t<meta name=\"twitter:data1\" content=\"5 minutes\" \/>\n<script type=\"application\/ld+json\" class=\"yoast-schema-graph\">{\"@context\":\"https:\\\/\\\/schema.org\",\"@graph\":[{\"@type\":\"WebPage\",\"@id\":\"https:\\\/\\\/www.lebefane.it\\\/en\\\/video-security\\\/\",\"url\":\"https:\\\/\\\/www.lebefane.it\\\/en\\\/video-security\\\/\",\"name\":\"Video Security Disclaimer - Le Befane Shopping Centre | Rimini\",\"isPartOf\":{\"@id\":\"https:\\\/\\\/www.lebefane.it\\\/#website\"},\"datePublished\":\"2019-05-27T21:59:08+00:00\",\"dateModified\":\"2019-06-24T15:35:55+00:00\",\"breadcrumb\":{\"@id\":\"https:\\\/\\\/www.lebefane.it\\\/en\\\/video-security\\\/#breadcrumb\"},\"inLanguage\":\"en-US\",\"potentialAction\":[{\"@type\":\"ReadAction\",\"target\":[\"https:\\\/\\\/www.lebefane.it\\\/en\\\/video-security\\\/\"]}]},{\"@type\":\"BreadcrumbList\",\"@id\":\"https:\\\/\\\/www.lebefane.it\\\/en\\\/video-security\\\/#breadcrumb\",\"itemListElement\":[{\"@type\":\"ListItem\",\"position\":1,\"name\":\"Home\",\"item\":\"https:\\\/\\\/www.lebefane.it\\\/en\\\/\"},{\"@type\":\"ListItem\",\"position\":2,\"name\":\"Video Security Disclaimer\"}]},{\"@type\":\"WebSite\",\"@id\":\"https:\\\/\\\/www.lebefane.it\\\/#website\",\"url\":\"https:\\\/\\\/www.lebefane.it\\\/\",\"name\":\"Le Befane Shopping Centre | Rimini\",\"description\":\"Oltre 130 negozi, bar e ristoranti, Ipermercato Conad, Cinema Multisala\",\"potentialAction\":[{\"@type\":\"SearchAction\",\"target\":{\"@type\":\"EntryPoint\",\"urlTemplate\":\"https:\\\/\\\/www.lebefane.it\\\/?s={search_term_string}\"},\"query-input\":{\"@type\":\"PropertyValueSpecification\",\"valueRequired\":true,\"valueName\":\"search_term_string\"}}],\"inLanguage\":\"en-US\"}]}<\/script>\n<!-- \/ Yoast SEO plugin. -->","yoast_head_json":{"title":"Video Security Disclaimer - Le Befane Shopping Centre | Rimini","robots":{"index":"index","follow":"follow","max-snippet":"max-snippet:-1","max-image-preview":"max-image-preview:large","max-video-preview":"max-video-preview:-1"},"canonical":"https:\/\/www.lebefane.it\/en\/video-security\/","og_locale":"en_US","og_type":"article","og_title":"Video Security Disclaimer - Le Befane Shopping Centre | Rimini","og_description":"[\u2026]","og_url":"https:\/\/www.lebefane.it\/en\/video-security\/","og_site_name":"Le Befane Shopping Centre | Rimini","article_modified_time":"2019-06-24T15:35:55+00:00","twitter_card":"summary_large_image","twitter_misc":{"Est. reading time":"5 minutes"},"schema":{"@context":"https:\/\/schema.org","@graph":[{"@type":"WebPage","@id":"https:\/\/www.lebefane.it\/en\/video-security\/","url":"https:\/\/www.lebefane.it\/en\/video-security\/","name":"Video Security Disclaimer - Le Befane Shopping Centre | Rimini","isPartOf":{"@id":"https:\/\/www.lebefane.it\/#website"},"datePublished":"2019-05-27T21:59:08+00:00","dateModified":"2019-06-24T15:35:55+00:00","breadcrumb":{"@id":"https:\/\/www.lebefane.it\/en\/video-security\/#breadcrumb"},"inLanguage":"en-US","potentialAction":[{"@type":"ReadAction","target":["https:\/\/www.lebefane.it\/en\/video-security\/"]}]},{"@type":"BreadcrumbList","@id":"https:\/\/www.lebefane.it\/en\/video-security\/#breadcrumb","itemListElement":[{"@type":"ListItem","position":1,"name":"Home","item":"https:\/\/www.lebefane.it\/en\/"},{"@type":"ListItem","position":2,"name":"Video Security Disclaimer"}]},{"@type":"WebSite","@id":"https:\/\/www.lebefane.it\/#website","url":"https:\/\/www.lebefane.it\/","name":"Le Befane Shopping Centre | Rimini","description":"Oltre 130 negozi, bar e ristoranti, Ipermercato Conad, Cinema Multisala","potentialAction":[{"@type":"SearchAction","target":{"@type":"EntryPoint","urlTemplate":"https:\/\/www.lebefane.it\/?s={search_term_string}"},"query-input":{"@type":"PropertyValueSpecification","valueRequired":true,"valueName":"search_term_string"}}],"inLanguage":"en-US"}]}},"publishpress_future_action":{"enabled":false,"date":"2026-05-21 13:24:39","action":"change-status","newStatus":"draft","terms":[],"taxonomy":"translation_priority","extraData":[]},"publishpress_future_workflow_manual_trigger":{"enabledWorkflows":[]},"_links":{"self":[{"href":"https:\/\/www.lebefane.it\/en\/wp-json\/wp\/v2\/pages\/1740","targetHints":{"allow":["GET"]}}],"collection":[{"href":"https:\/\/www.lebefane.it\/en\/wp-json\/wp\/v2\/pages"}],"about":[{"href":"https:\/\/www.lebefane.it\/en\/wp-json\/wp\/v2\/types\/page"}],"author":[{"embeddable":true,"href":"https:\/\/www.lebefane.it\/en\/wp-json\/wp\/v2\/users\/1"}],"replies":[{"embeddable":true,"href":"https:\/\/www.lebefane.it\/en\/wp-json\/wp\/v2\/comments?post=1740"}],"version-history":[{"count":2,"href":"https:\/\/www.lebefane.it\/en\/wp-json\/wp\/v2\/pages\/1740\/revisions"}],"predecessor-version":[{"id":1779,"href":"https:\/\/www.lebefane.it\/en\/wp-json\/wp\/v2\/pages\/1740\/revisions\/1779"}],"wp:attachment":[{"href":"https:\/\/www.lebefane.it\/en\/wp-json\/wp\/v2\/media?parent=1740"}],"curies":[{"name":"wp","href":"https:\/\/api.w.org\/{rel}","templated":true}]}}