{"id":1723,"date":"2018-04-15T20:51:31","date_gmt":"2018-04-15T18:51:31","guid":{"rendered":"https:\/\/www.lebefane.it\/privacy\/"},"modified":"2019-06-24T11:47:12","modified_gmt":"2019-06-24T09:47:12","slug":"privacy","status":"publish","type":"page","link":"https:\/\/www.lebefane.it\/en\/privacy\/","title":{"rendered":"Privacy Disclaimer"},"content":{"rendered":"<p style=\"text-align: justify;\"><strong>INFORMATIVA PRIVACY ART.13 REGOLAMENTO UE 2016\/679\u00a0\u00a0 <a href=\"https:\/\/www.lebefane.it\/wp-content\/uploads\/2019\/06\/PRIVACY-SITO-befane.pdf\" target=\"_blank\" rel=\"noopener noreferrer\">Downlod Informativa Privacy<\/a><\/strong><\/p>\n<p style=\"text-align: justify;\"><strong>Il Titolare del Trattamento DEI DATI PERSONALI<br \/>\n<\/strong><strong>Il CONSORZIO CENTRO COMMERCIALE LE BEFANE con sede legale a Rimini (RN) 47924, in Via Caduti di Nassiriya 20, C.F. e P.IVA 03539390405 rappresentato dal Sig. Davide Baraldi in qualit<\/strong><strong>\u00e0 <\/strong><strong>di legale rappresentante.<\/strong><\/p>\n<p style=\"text-align: justify;\"><strong>Responsabile Esterno<br \/>\n<\/strong><strong>Il presente sito internet \u00e8 gestito dalla societ\u00e0:<br \/>\n<\/strong><strong>Samuele Grassi<\/strong> <strong>Via Masini, 17 &#8211; 47921 Rimini (RN) &#8211; <\/strong><strong>Tel.+39 0541 206672 &#8211; Fax +39 0541 1792250 <\/strong><strong><a href=\"mailto:info@samuelegrassi.it\">info@samuelegrassi.it<\/a><\/strong><strong> &#8211; <\/strong><strong><a href=\"http:\/\/www.samuelegrassi.it\/\">www.samuelegrassi.it<\/a><\/strong><strong> P.Iva 03602790408 <\/strong><strong>\u00a0<\/strong><\/p>\n<p style=\"text-align: justify;\"><strong>FINALIT\u00c0 DEL TRATTAMENTO DEI DATI PERSONALI <\/strong><\/p>\n<p style=\"text-align: justify;\">Il Titolare del Trattamento dei dati personali mette a disposizione dei propri Utenti tutte le informazioni relative contatti, alle sue attivit\u00e0 ed eventi. Per tale motivo, tratter\u00e0 i dati personali di ciascun Utente che navigher\u00e0 nel presente sito internet solo ed unicamente per fini statistici.<\/p>\n<p style=\"text-align: justify;\"><strong>Tipologia di dati personali <\/strong><\/p>\n<p style=\"text-align: justify;\">Il Titolare del Trattamento dei dati personali potrebbe venire a conoscenza per ciascun Utente delle seguenti tipologie di dati personali: indirizzi IP o i nomi a dominio dei computer utilizzati dall\u2019Utente stesso che si connette al sito, gli indirizzi di notazione URI (Uniform Resource Identifier) delle risorse richieste, l\u2019orario della richiesta, il metodo utilizzato nel sottoporre la richiesta al server, la dimensione del file ottenuto in risposta, il codice numerico indicante lo stato di risposta data dal server (buon fine errore ecc.) ed altri parametri relativi al sistema operativo e all\u2019ambiente informatico dell\u2019utente. Questi dati vengono utilizzati al solo fine di ricavare informazioni statistiche anonime sull\u2019uso del sito e per controllarne il corretto funzionamento e vengono cancellati immediatamente dopo l\u2019elaborazione.<\/p>\n<p style=\"text-align: justify;\"><strong>Modalit<\/strong><strong>\u00e0 <\/strong><strong>\u00a0e Durata del Trattamento dei dati personali.<\/strong><\/p>\n<p style=\"text-align: justify;\">I dati personali degli Utenti sono trattati con strumenti automatizzati per il tempo strettamente necessario per la navigazione del sito internet stesso e rilevazione anonima per i fini statistici. Specifiche misure di sicurezza sono osservate per prevenire la perdita dei dati, usi illeciti o non corretti ed accessi non autorizzati.<\/p>\n<p style=\"text-align: justify;\"><strong>I diritti dell\u2019Utente Interessato.<\/strong><\/p>\n<p style=\"text-align: justify;\">In qualit\u00e0 di interessato puoi esercitare nei nostri confronti i tuoi seguenti diritti:<\/p>\n<p style=\"text-align: justify;\"><strong>a)Diritto di accesso ai dati personali: <\/strong>diritto di richiedere l\u2019accesso e quindi di conoscere ed ottenere la conferma da parte del Titolare del Trattamento dei dati personali della conservazione e trattamento dei suoi dati personali forniti al momento dell\u2019accesso al presente sito internet;<\/p>\n<ol style=\"text-align: justify;\">\n<li><strong>b) Diritto di Rettifica ed Integrazione dei dati personali:<\/strong> diritto di richiedere la rettifica dati personali inesatti e\/o integrazione dei dati personali.<\/li>\n<\/ol>\n<p style=\"text-align: justify;\"><strong>c)Diritto alla Cancellazione dei dati personali: <\/strong>diritto di richiedere la cancellazione dei dati personali conservati presso il Titolare del Trattamento dei dati personali.<\/p>\n<p style=\"text-align: justify;\"><strong>d)Limitazione del Trattamento dei dati personali: <\/strong>diritto di richiedere al Titolare del Trattamento dei dati personali la temporanea sottoposizione dei suoi dati personali alla sola operazione di conservazione degli stessi;<\/p>\n<p style=\"text-align: justify;\"><strong>e)Diritto di opposizione:<\/strong> diritto di manifestare al Titolare del Trattamento dei dati personali in qualsiasi momento, la propria opposizione al trattamento dei propri dati personali.<\/p>\n<p style=\"text-align: justify;\"><strong>f)Diritto alla portabilit\u00e0 dei dati personali: <\/strong>diritto di richiedere ed ottenere, previa richiesta la trasmissione diretta dei propri dati personali conservati dal Titolare del Trattamento dei dati personali presso un soggetto da specificatamente indicato, in un formato strutturato, di uso comune e leggibile da dispositivo automatico. L\u2019esercizio di tale diritto, tuttavia, pu\u00f2 essere esercitabile solo se se tecnicamente possibile, ossia se i dati personali sono trattati dal Titolare delTrattamento dei dati personali attraverso mezzi automatizzati.<\/p>\n<p style=\"text-align: justify;\"><strong>g)Diritto dell\u2019Utente di adire l\u2019autorit\u00e0 di controllo: <\/strong>diritto di presentare per iscritto segnalazioni, reclami o ricorsi al <strong>Garante per la protezione dei dati personali,<\/strong> specificatamente <strong>all\u2019Ufficio relazioni con il pubblico (URP)<\/strong> i cui contatti sono:<\/p>\n<ol style=\"text-align: justify;\">\n<li><strong> Per il Garante per la protezione dei dati personali:<\/strong><\/li>\n<\/ol>\n<p style=\"text-align: justify;\">indirizzo:Piazza Venezia n. 11, 00186 Roma; &#8211; fax: (+39) 06.69677.3785 &#8211; Centralino telefonico: (+39) 06.696771<\/p>\n<p style=\"text-align: justify;\">e-mail: <a href=\"mailto:garante@gpdp.it\">garante@gpdp.it<\/a> &#8211; posta certificata: <a href=\"mailto:protocollo@pecgpdp.it\">protocollo@pecgpdp.it<\/a><\/p>\n<ol style=\"text-align: justify;\">\n<li><strong> Per l\u2019Ufficio relazioni con il pubblico (URP)<\/strong><\/li>\n<\/ol>\n<p style=\"text-align: justify;\">indirizzo:Piazza Venezia n. 11, 00186 Roma; &#8211; telefono: (+39) 0669677.2917 &#8211; e-mail: <a href=\"mailto:urp@gpdp.it\">urp@gpdp.it<\/a><\/p>\n<p style=\"text-align: justify;\"><strong>Cookies<\/strong><\/p>\n<p style=\"text-align: justify;\">Sono consultabili nell\u2019apposita sezione prevista per essi nel presente sito internet.<\/p>\n<p style=\"text-align: justify;\">Normativa di riferimento: Regolamento Ue 2106\/679 e Dlgs 2018\/101 e le norme ad essi applicabili.<\/p>\n<p style=\"text-align: justify;\">La presente informativa potr\u00e0 subire modifiche e integrazioni nel corso del tempo, ti invitiamo, pertanto, a verificarne periodicamente i contenuti. Laddove possibile, cercheremo di informarti tempestivamente sulle modifiche apportate.<\/p>\n","protected":false},"excerpt":{"rendered":"<p><span class=\"excerpt-hellip\"> [\u2026]<\/span><\/p>\n","protected":false},"author":1,"featured_media":0,"parent":0,"menu_order":86,"comment_status":"closed","ping_status":"closed","template":"","meta":{"_acf_changed":false,"footnotes":""},"class_list":["post-1723","page","type-page","status-publish","hentry"],"acf":[],"yoast_head":"<!-- This site is optimized with the Yoast SEO plugin v27.3 - https:\/\/yoast.com\/product\/yoast-seo-wordpress\/ -->\n<title>Privacy Disclaimer - Le Befane Shopping Centre | Rimini<\/title>\n<meta name=\"robots\" content=\"index, follow, max-snippet:-1, max-image-preview:large, max-video-preview:-1\" \/>\n<link rel=\"canonical\" href=\"https:\/\/www.lebefane.it\/en\/privacy\/\" \/>\n<meta property=\"og:locale\" content=\"en_US\" \/>\n<meta property=\"og:type\" content=\"article\" \/>\n<meta property=\"og:title\" content=\"Privacy Disclaimer - Le Befane Shopping Centre | Rimini\" \/>\n<meta property=\"og:description\" content=\"[\u2026]\" \/>\n<meta property=\"og:url\" content=\"https:\/\/www.lebefane.it\/en\/privacy\/\" \/>\n<meta property=\"og:site_name\" content=\"Le Befane Shopping Centre | Rimini\" \/>\n<meta property=\"article:modified_time\" content=\"2019-06-24T09:47:12+00:00\" \/>\n<meta name=\"twitter:card\" content=\"summary_large_image\" \/>\n<meta name=\"twitter:label1\" content=\"Est. reading time\" \/>\n\t<meta name=\"twitter:data1\" content=\"4 minutes\" \/>\n<script type=\"application\/ld+json\" class=\"yoast-schema-graph\">{\"@context\":\"https:\\\/\\\/schema.org\",\"@graph\":[{\"@type\":\"WebPage\",\"@id\":\"https:\\\/\\\/www.lebefane.it\\\/en\\\/privacy\\\/\",\"url\":\"https:\\\/\\\/www.lebefane.it\\\/en\\\/privacy\\\/\",\"name\":\"Privacy Disclaimer - Le Befane Shopping Centre | Rimini\",\"isPartOf\":{\"@id\":\"https:\\\/\\\/www.lebefane.it\\\/#website\"},\"datePublished\":\"2018-04-15T18:51:31+00:00\",\"dateModified\":\"2019-06-24T09:47:12+00:00\",\"breadcrumb\":{\"@id\":\"https:\\\/\\\/www.lebefane.it\\\/en\\\/privacy\\\/#breadcrumb\"},\"inLanguage\":\"en-US\",\"potentialAction\":[{\"@type\":\"ReadAction\",\"target\":[\"https:\\\/\\\/www.lebefane.it\\\/en\\\/privacy\\\/\"]}]},{\"@type\":\"BreadcrumbList\",\"@id\":\"https:\\\/\\\/www.lebefane.it\\\/en\\\/privacy\\\/#breadcrumb\",\"itemListElement\":[{\"@type\":\"ListItem\",\"position\":1,\"name\":\"Home\",\"item\":\"https:\\\/\\\/www.lebefane.it\\\/en\\\/\"},{\"@type\":\"ListItem\",\"position\":2,\"name\":\"Privacy Disclaimer\"}]},{\"@type\":\"WebSite\",\"@id\":\"https:\\\/\\\/www.lebefane.it\\\/#website\",\"url\":\"https:\\\/\\\/www.lebefane.it\\\/\",\"name\":\"Le Befane Shopping Centre | Rimini\",\"description\":\"Oltre 130 negozi, bar e ristoranti, Ipermercato Conad, Cinema Multisala\",\"potentialAction\":[{\"@type\":\"SearchAction\",\"target\":{\"@type\":\"EntryPoint\",\"urlTemplate\":\"https:\\\/\\\/www.lebefane.it\\\/?s={search_term_string}\"},\"query-input\":{\"@type\":\"PropertyValueSpecification\",\"valueRequired\":true,\"valueName\":\"search_term_string\"}}],\"inLanguage\":\"en-US\"}]}<\/script>\n<!-- \/ Yoast SEO plugin. -->","yoast_head_json":{"title":"Privacy Disclaimer - Le Befane Shopping Centre | Rimini","robots":{"index":"index","follow":"follow","max-snippet":"max-snippet:-1","max-image-preview":"max-image-preview:large","max-video-preview":"max-video-preview:-1"},"canonical":"https:\/\/www.lebefane.it\/en\/privacy\/","og_locale":"en_US","og_type":"article","og_title":"Privacy Disclaimer - Le Befane Shopping Centre | Rimini","og_description":"[\u2026]","og_url":"https:\/\/www.lebefane.it\/en\/privacy\/","og_site_name":"Le Befane Shopping Centre | Rimini","article_modified_time":"2019-06-24T09:47:12+00:00","twitter_card":"summary_large_image","twitter_misc":{"Est. reading time":"4 minutes"},"schema":{"@context":"https:\/\/schema.org","@graph":[{"@type":"WebPage","@id":"https:\/\/www.lebefane.it\/en\/privacy\/","url":"https:\/\/www.lebefane.it\/en\/privacy\/","name":"Privacy Disclaimer - Le Befane Shopping Centre | Rimini","isPartOf":{"@id":"https:\/\/www.lebefane.it\/#website"},"datePublished":"2018-04-15T18:51:31+00:00","dateModified":"2019-06-24T09:47:12+00:00","breadcrumb":{"@id":"https:\/\/www.lebefane.it\/en\/privacy\/#breadcrumb"},"inLanguage":"en-US","potentialAction":[{"@type":"ReadAction","target":["https:\/\/www.lebefane.it\/en\/privacy\/"]}]},{"@type":"BreadcrumbList","@id":"https:\/\/www.lebefane.it\/en\/privacy\/#breadcrumb","itemListElement":[{"@type":"ListItem","position":1,"name":"Home","item":"https:\/\/www.lebefane.it\/en\/"},{"@type":"ListItem","position":2,"name":"Privacy Disclaimer"}]},{"@type":"WebSite","@id":"https:\/\/www.lebefane.it\/#website","url":"https:\/\/www.lebefane.it\/","name":"Le Befane Shopping Centre | Rimini","description":"Oltre 130 negozi, bar e ristoranti, Ipermercato Conad, Cinema Multisala","potentialAction":[{"@type":"SearchAction","target":{"@type":"EntryPoint","urlTemplate":"https:\/\/www.lebefane.it\/?s={search_term_string}"},"query-input":{"@type":"PropertyValueSpecification","valueRequired":true,"valueName":"search_term_string"}}],"inLanguage":"en-US"}]}},"publishpress_future_action":{"enabled":false,"date":"2026-04-28 20:54:29","action":"change-status","newStatus":"draft","terms":[],"taxonomy":"translation_priority","extraData":[]},"publishpress_future_workflow_manual_trigger":{"enabledWorkflows":[]},"_links":{"self":[{"href":"https:\/\/www.lebefane.it\/en\/wp-json\/wp\/v2\/pages\/1723","targetHints":{"allow":["GET"]}}],"collection":[{"href":"https:\/\/www.lebefane.it\/en\/wp-json\/wp\/v2\/pages"}],"about":[{"href":"https:\/\/www.lebefane.it\/en\/wp-json\/wp\/v2\/types\/page"}],"author":[{"embeddable":true,"href":"https:\/\/www.lebefane.it\/en\/wp-json\/wp\/v2\/users\/1"}],"replies":[{"embeddable":true,"href":"https:\/\/www.lebefane.it\/en\/wp-json\/wp\/v2\/comments?post=1723"}],"version-history":[{"count":2,"href":"https:\/\/www.lebefane.it\/en\/wp-json\/wp\/v2\/pages\/1723\/revisions"}],"predecessor-version":[{"id":1739,"href":"https:\/\/www.lebefane.it\/en\/wp-json\/wp\/v2\/pages\/1723\/revisions\/1739"}],"wp:attachment":[{"href":"https:\/\/www.lebefane.it\/en\/wp-json\/wp\/v2\/media?parent=1723"}],"curies":[{"name":"wp","href":"https:\/\/api.w.org\/{rel}","templated":true}]}}